{"id":14071,"date":"2026-03-20T02:38:09","date_gmt":"2026-03-20T02:38:09","guid":{"rendered":"https:\/\/dealsmarketman.shop\/?post_type=product&#038;p=14071"},"modified":"2026-03-20T02:44:39","modified_gmt":"2026-03-20T02:44:39","slug":"portable-cordless-electric-air-blower-with-turbo-jet-technology-high-power-for-car-hair-drying-dust-cleaning-ideal-portable-tool","status":"publish","type":"product","link":"https:\/\/dealsmarketman.shop\/de\/product\/portable-cordless-electric-air-blower-with-turbo-jet-technology-high-power-for-car-hair-drying-dust-cleaning-ideal-portable-tool\/","title":{"rendered":"Kabelloses elektrisches Gebl\u00e4se mit Turbo-Jet-Technologie, hohe Leistung zum Trocknen von Autohaaren und zur Staubentfernung, ideales tragbares Werkzeug"},"content":{"rendered":"<div data-elementor-type=\"product-post\" data-elementor-id=\"14071\" class=\"elementor elementor-14071\" data-elementor-post-type=\"product\">\n\t\t\t\t<div class=\"elementor-element elementor-element-397a51b0 e-flex e-con-boxed e-con e-parent\" data-id=\"397a51b0\" data-element_type=\"container\" data-settings=\"{&quot;ekit_has_onepagescroll_dot&quot;:&quot;yes&quot;}\">\n\t\t\t\t\t<div class=\"e-con-inner\">\n\t\t\t\t<div class=\"elementor-element elementor-element-3b63ed5f elementor-widget elementor-widget-image\" data-id=\"3b63ed5f\" data-element_type=\"widget\" data-settings=\"{&quot;ekit_we_effect_on&quot;:&quot;none&quot;}\" data-widget_type=\"image.default\">\n\t\t\t\t<div class=\"elementor-widget-container\">\n\t\t\t\t\t\t\t\t\t\t\t\t\t\t\t<img loading=\"lazy\" decoding=\"async\" width=\"790\" height=\"1476\" src=\"https:\/\/dealsmarketman.shop\/wp-content\/uploads\/2026\/03\/1-20.webp\" class=\"attachment-full size-full wp-image-14080 wvs-archive-product-image\" alt=\"\" srcset=\"https:\/\/dealsmarketman.shop\/wp-content\/uploads\/2026\/03\/1-20.webp 790w, https:\/\/dealsmarketman.shop\/wp-content\/uploads\/2026\/03\/1-20-161x300.webp 161w, https:\/\/dealsmarketman.shop\/wp-content\/uploads\/2026\/03\/1-20-548x1024.webp 548w, https:\/\/dealsmarketman.shop\/wp-content\/uploads\/2026\/03\/1-20-768x1435.webp 768w, https:\/\/dealsmarketman.shop\/wp-content\/uploads\/2026\/03\/1-20-6x12.webp 6w, https:\/\/dealsmarketman.shop\/wp-content\/uploads\/2026\/03\/1-20-600x1121.webp 600w, https:\/\/dealsmarketman.shop\/wp-content\/uploads\/2026\/03\/1-20-1x1.webp 1w, https:\/\/dealsmarketman.shop\/wp-content\/uploads\/2026\/03\/1-20-5x10.webp 5w\" sizes=\"auto, (max-width: 790px) 100vw, 790px\" \/>\t\t\t\t\t\t\t\t\t\t\t\t\t\t\t<\/div>\n\t\t\t\t<\/div>\n\t\t\t\t<div class=\"elementor-element elementor-element-7651e05c elementor-widget elementor-widget-image\" data-id=\"7651e05c\" data-element_type=\"widget\" data-settings=\"{&quot;ekit_we_effect_on&quot;:&quot;none&quot;}\" data-widget_type=\"image.default\">\n\t\t\t\t<div class=\"elementor-widget-container\">\n\t\t\t\t\t\t\t\t\t\t\t\t\t\t\t<img loading=\"lazy\" decoding=\"async\" width=\"790\" height=\"1259\" src=\"https:\/\/dealsmarketman.shop\/wp-content\/uploads\/2026\/03\/2-22.webp\" class=\"attachment-full size-full wp-image-14081 wvs-archive-product-image\" alt=\"\" srcset=\"https:\/\/dealsmarketman.shop\/wp-content\/uploads\/2026\/03\/2-22.webp 790w, https:\/\/dealsmarketman.shop\/wp-content\/uploads\/2026\/03\/2-22-188x300.webp 188w, https:\/\/dealsmarketman.shop\/wp-content\/uploads\/2026\/03\/2-22-643x1024.webp 643w, https:\/\/dealsmarketman.shop\/wp-content\/uploads\/2026\/03\/2-22-768x1224.webp 768w, https:\/\/dealsmarketman.shop\/wp-content\/uploads\/2026\/03\/2-22-8x12.webp 8w, https:\/\/dealsmarketman.shop\/wp-content\/uploads\/2026\/03\/2-22-600x956.webp 600w, https:\/\/dealsmarketman.shop\/wp-content\/uploads\/2026\/03\/2-22-1x1.webp 1w, https:\/\/dealsmarketman.shop\/wp-content\/uploads\/2026\/03\/2-22-6x10.webp 6w\" sizes=\"auto, (max-width: 790px) 100vw, 790px\" \/>\t\t\t\t\t\t\t\t\t\t\t\t\t\t\t<\/div>\n\t\t\t\t<\/div>\n\t\t\t\t<div class=\"elementor-element elementor-element-7f1c1db0 elementor-widget elementor-widget-image\" data-id=\"7f1c1db0\" data-element_type=\"widget\" data-settings=\"{&quot;ekit_we_effect_on&quot;:&quot;none&quot;}\" data-widget_type=\"image.default\">\n\t\t\t\t<div class=\"elementor-widget-container\">\n\t\t\t\t\t\t\t\t\t\t\t\t\t\t\t<img loading=\"lazy\" decoding=\"async\" width=\"790\" height=\"1859\" src=\"https:\/\/dealsmarketman.shop\/wp-content\/uploads\/2026\/03\/3-22.webp\" class=\"attachment-full size-full wp-image-14082 wvs-archive-product-image\" alt=\"\" srcset=\"https:\/\/dealsmarketman.shop\/wp-content\/uploads\/2026\/03\/3-22.webp 790w, https:\/\/dealsmarketman.shop\/wp-content\/uploads\/2026\/03\/3-22-127x300.webp 127w, https:\/\/dealsmarketman.shop\/wp-content\/uploads\/2026\/03\/3-22-435x1024.webp 435w, https:\/\/dealsmarketman.shop\/wp-content\/uploads\/2026\/03\/3-22-768x1807.webp 768w, https:\/\/dealsmarketman.shop\/wp-content\/uploads\/2026\/03\/3-22-653x1536.webp 653w, https:\/\/dealsmarketman.shop\/wp-content\/uploads\/2026\/03\/3-22-5x12.webp 5w, https:\/\/dealsmarketman.shop\/wp-content\/uploads\/2026\/03\/3-22-600x1412.webp 600w, https:\/\/dealsmarketman.shop\/wp-content\/uploads\/2026\/03\/3-22-1x1.webp 1w, https:\/\/dealsmarketman.shop\/wp-content\/uploads\/2026\/03\/3-22-4x10.webp 4w\" sizes=\"auto, (max-width: 790px) 100vw, 790px\" \/>\t\t\t\t\t\t\t\t\t\t\t\t\t\t\t<\/div>\n\t\t\t\t<\/div>\n\t\t\t\t<div class=\"elementor-element elementor-element-3dabd502 elementor-widget elementor-widget-image\" data-id=\"3dabd502\" data-element_type=\"widget\" data-settings=\"{&quot;ekit_we_effect_on&quot;:&quot;none&quot;}\" data-widget_type=\"image.default\">\n\t\t\t\t<div class=\"elementor-widget-container\">\n\t\t\t\t\t\t\t\t\t\t\t\t\t\t\t<img loading=\"lazy\" decoding=\"async\" width=\"790\" height=\"1643\" src=\"https:\/\/dealsmarketman.shop\/wp-content\/uploads\/2026\/03\/4-19.webp\" class=\"attachment-full size-full wp-image-14083 wvs-archive-product-image\" alt=\"\" srcset=\"https:\/\/dealsmarketman.shop\/wp-content\/uploads\/2026\/03\/4-19.webp 790w, https:\/\/dealsmarketman.shop\/wp-content\/uploads\/2026\/03\/4-19-144x300.webp 144w, https:\/\/dealsmarketman.shop\/wp-content\/uploads\/2026\/03\/4-19-492x1024.webp 492w, https:\/\/dealsmarketman.shop\/wp-content\/uploads\/2026\/03\/4-19-768x1597.webp 768w, https:\/\/dealsmarketman.shop\/wp-content\/uploads\/2026\/03\/4-19-739x1536.webp 739w, https:\/\/dealsmarketman.shop\/wp-content\/uploads\/2026\/03\/4-19-6x12.webp 6w, https:\/\/dealsmarketman.shop\/wp-content\/uploads\/2026\/03\/4-19-600x1248.webp 600w, https:\/\/dealsmarketman.shop\/wp-content\/uploads\/2026\/03\/4-19-1x1.webp 1w, https:\/\/dealsmarketman.shop\/wp-content\/uploads\/2026\/03\/4-19-5x10.webp 5w\" sizes=\"auto, (max-width: 790px) 100vw, 790px\" \/>\t\t\t\t\t\t\t\t\t\t\t\t\t\t\t<\/div>\n\t\t\t\t<\/div>\n\t\t\t\t<div class=\"elementor-element elementor-element-5957b5ff elementor-widget elementor-widget-image\" data-id=\"5957b5ff\" data-element_type=\"widget\" data-settings=\"{&quot;ekit_we_effect_on&quot;:&quot;none&quot;}\" data-widget_type=\"image.default\">\n\t\t\t\t<div class=\"elementor-widget-container\">\n\t\t\t\t\t\t\t\t\t\t\t\t\t\t\t<img loading=\"lazy\" decoding=\"async\" width=\"790\" height=\"1507\" src=\"https:\/\/dealsmarketman.shop\/wp-content\/uploads\/2026\/03\/5-18.webp\" class=\"attachment-full size-full wp-image-14084 wvs-archive-product-image\" alt=\"\" srcset=\"https:\/\/dealsmarketman.shop\/wp-content\/uploads\/2026\/03\/5-18.webp 790w, https:\/\/dealsmarketman.shop\/wp-content\/uploads\/2026\/03\/5-18-157x300.webp 157w, https:\/\/dealsmarketman.shop\/wp-content\/uploads\/2026\/03\/5-18-537x1024.webp 537w, https:\/\/dealsmarketman.shop\/wp-content\/uploads\/2026\/03\/5-18-768x1465.webp 768w, https:\/\/dealsmarketman.shop\/wp-content\/uploads\/2026\/03\/5-18-6x12.webp 6w, https:\/\/dealsmarketman.shop\/wp-content\/uploads\/2026\/03\/5-18-600x1145.webp 600w, https:\/\/dealsmarketman.shop\/wp-content\/uploads\/2026\/03\/5-18-1x1.webp 1w, https:\/\/dealsmarketman.shop\/wp-content\/uploads\/2026\/03\/5-18-5x10.webp 5w\" sizes=\"auto, (max-width: 790px) 100vw, 790px\" \/>\t\t\t\t\t\t\t\t\t\t\t\t\t\t\t<\/div>\n\t\t\t\t<\/div>\n\t\t\t\t<div class=\"elementor-element elementor-element-52c18f75 elementor-widget elementor-widget-image\" data-id=\"52c18f75\" data-element_type=\"widget\" data-settings=\"{&quot;ekit_we_effect_on&quot;:&quot;none&quot;}\" data-widget_type=\"image.default\">\n\t\t\t\t<div class=\"elementor-widget-container\">\n\t\t\t\t\t\t\t\t\t\t\t\t\t\t\t<img loading=\"lazy\" decoding=\"async\" width=\"790\" height=\"1552\" src=\"https:\/\/dealsmarketman.shop\/wp-content\/uploads\/2026\/03\/6-19.webp\" class=\"attachment-full size-full wp-image-14085 wvs-archive-product-image\" alt=\"\" srcset=\"https:\/\/dealsmarketman.shop\/wp-content\/uploads\/2026\/03\/6-19.webp 790w, https:\/\/dealsmarketman.shop\/wp-content\/uploads\/2026\/03\/6-19-153x300.webp 153w, https:\/\/dealsmarketman.shop\/wp-content\/uploads\/2026\/03\/6-19-521x1024.webp 521w, https:\/\/dealsmarketman.shop\/wp-content\/uploads\/2026\/03\/6-19-768x1509.webp 768w, https:\/\/dealsmarketman.shop\/wp-content\/uploads\/2026\/03\/6-19-782x1536.webp 782w, https:\/\/dealsmarketman.shop\/wp-content\/uploads\/2026\/03\/6-19-6x12.webp 6w, https:\/\/dealsmarketman.shop\/wp-content\/uploads\/2026\/03\/6-19-600x1179.webp 600w, https:\/\/dealsmarketman.shop\/wp-content\/uploads\/2026\/03\/6-19-1x1.webp 1w, https:\/\/dealsmarketman.shop\/wp-content\/uploads\/2026\/03\/6-19-5x10.webp 5w\" sizes=\"auto, (max-width: 790px) 100vw, 790px\" \/>\t\t\t\t\t\t\t\t\t\t\t\t\t\t\t<\/div>\n\t\t\t\t<\/div>\n\t\t\t\t<div class=\"elementor-element elementor-element-6d9ead93 elementor-widget elementor-widget-image\" data-id=\"6d9ead93\" data-element_type=\"widget\" data-settings=\"{&quot;ekit_we_effect_on&quot;:&quot;none&quot;}\" data-widget_type=\"image.default\">\n\t\t\t\t<div class=\"elementor-widget-container\">\n\t\t\t\t\t\t\t\t\t\t\t\t\t\t\t<img loading=\"lazy\" decoding=\"async\" width=\"790\" height=\"1664\" src=\"https:\/\/dealsmarketman.shop\/wp-content\/uploads\/2026\/03\/7-12.webp\" class=\"attachment-full size-full wp-image-14086 wvs-archive-product-image\" alt=\"\" srcset=\"https:\/\/dealsmarketman.shop\/wp-content\/uploads\/2026\/03\/7-12.webp 790w, https:\/\/dealsmarketman.shop\/wp-content\/uploads\/2026\/03\/7-12-142x300.webp 142w, https:\/\/dealsmarketman.shop\/wp-content\/uploads\/2026\/03\/7-12-486x1024.webp 486w, https:\/\/dealsmarketman.shop\/wp-content\/uploads\/2026\/03\/7-12-768x1618.webp 768w, https:\/\/dealsmarketman.shop\/wp-content\/uploads\/2026\/03\/7-12-729x1536.webp 729w, https:\/\/dealsmarketman.shop\/wp-content\/uploads\/2026\/03\/7-12-6x12.webp 6w, https:\/\/dealsmarketman.shop\/wp-content\/uploads\/2026\/03\/7-12-600x1264.webp 600w, https:\/\/dealsmarketman.shop\/wp-content\/uploads\/2026\/03\/7-12-1x1.webp 1w, https:\/\/dealsmarketman.shop\/wp-content\/uploads\/2026\/03\/7-12-5x10.webp 5w\" sizes=\"auto, (max-width: 790px) 100vw, 790px\" \/>\t\t\t\t\t\t\t\t\t\t\t\t\t\t\t<\/div>\n\t\t\t\t<\/div>\n\t\t\t\t<div class=\"elementor-element elementor-element-5d518186 elementor-widget elementor-widget-image\" data-id=\"5d518186\" data-element_type=\"widget\" data-settings=\"{&quot;ekit_we_effect_on&quot;:&quot;none&quot;}\" data-widget_type=\"image.default\">\n\t\t\t\t<div class=\"elementor-widget-container\">\n\t\t\t\t\t\t\t\t\t\t\t\t\t\t\t<img loading=\"lazy\" decoding=\"async\" width=\"790\" height=\"1728\" src=\"https:\/\/dealsmarketman.shop\/wp-content\/uploads\/2026\/03\/8-10.webp\" class=\"attachment-full size-full wp-image-14087 wvs-archive-product-image\" alt=\"\" srcset=\"https:\/\/dealsmarketman.shop\/wp-content\/uploads\/2026\/03\/8-10.webp 790w, https:\/\/dealsmarketman.shop\/wp-content\/uploads\/2026\/03\/8-10-137x300.webp 137w, https:\/\/dealsmarketman.shop\/wp-content\/uploads\/2026\/03\/8-10-468x1024.webp 468w, https:\/\/dealsmarketman.shop\/wp-content\/uploads\/2026\/03\/8-10-768x1680.webp 768w, https:\/\/dealsmarketman.shop\/wp-content\/uploads\/2026\/03\/8-10-702x1536.webp 702w, https:\/\/dealsmarketman.shop\/wp-content\/uploads\/2026\/03\/8-10-5x10.webp 5w, https:\/\/dealsmarketman.shop\/wp-content\/uploads\/2026\/03\/8-10-600x1312.webp 600w, https:\/\/dealsmarketman.shop\/wp-content\/uploads\/2026\/03\/8-10-1x1.webp 1w\" sizes=\"auto, (max-width: 790px) 100vw, 790px\" \/>\t\t\t\t\t\t\t\t\t\t\t\t\t\t\t<\/div>\n\t\t\t\t<\/div>\n\t\t\t\t<div class=\"elementor-element elementor-element-4cf8c56a elementor-widget elementor-widget-image\" data-id=\"4cf8c56a\" data-element_type=\"widget\" data-settings=\"{&quot;ekit_we_effect_on&quot;:&quot;none&quot;}\" data-widget_type=\"image.default\">\n\t\t\t\t<div class=\"elementor-widget-container\">\n\t\t\t\t\t\t\t\t\t\t\t\t\t\t\t<img loading=\"lazy\" decoding=\"async\" width=\"790\" height=\"1392\" src=\"https:\/\/dealsmarketman.shop\/wp-content\/uploads\/2026\/03\/9-11.webp\" class=\"attachment-full size-full wp-image-14088 wvs-archive-product-image\" alt=\"\" srcset=\"https:\/\/dealsmarketman.shop\/wp-content\/uploads\/2026\/03\/9-11.webp 790w, https:\/\/dealsmarketman.shop\/wp-content\/uploads\/2026\/03\/9-11-170x300.webp 170w, https:\/\/dealsmarketman.shop\/wp-content\/uploads\/2026\/03\/9-11-581x1024.webp 581w, https:\/\/dealsmarketman.shop\/wp-content\/uploads\/2026\/03\/9-11-768x1353.webp 768w, https:\/\/dealsmarketman.shop\/wp-content\/uploads\/2026\/03\/9-11-7x12.webp 7w, https:\/\/dealsmarketman.shop\/wp-content\/uploads\/2026\/03\/9-11-600x1057.webp 600w, https:\/\/dealsmarketman.shop\/wp-content\/uploads\/2026\/03\/9-11-1x1.webp 1w, https:\/\/dealsmarketman.shop\/wp-content\/uploads\/2026\/03\/9-11-6x10.webp 6w\" sizes=\"auto, (max-width: 790px) 100vw, 790px\" \/>\t\t\t\t\t\t\t\t\t\t\t\t\t\t\t<\/div>\n\t\t\t\t<\/div>\n\t\t\t\t<div class=\"elementor-element elementor-element-423ae92a elementor-widget elementor-widget-image\" data-id=\"423ae92a\" data-element_type=\"widget\" data-settings=\"{&quot;ekit_we_effect_on&quot;:&quot;none&quot;}\" data-widget_type=\"image.default\">\n\t\t\t\t<div class=\"elementor-widget-container\">\n\t\t\t\t\t\t\t\t\t\t\t\t\t\t\t<img loading=\"lazy\" decoding=\"async\" width=\"790\" height=\"1536\" src=\"https:\/\/dealsmarketman.shop\/wp-content\/uploads\/2026\/03\/10-7.webp\" class=\"attachment-full size-full wp-image-14089 wvs-archive-product-image\" alt=\"\" srcset=\"https:\/\/dealsmarketman.shop\/wp-content\/uploads\/2026\/03\/10-7.webp 790w, https:\/\/dealsmarketman.shop\/wp-content\/uploads\/2026\/03\/10-7-154x300.webp 154w, https:\/\/dealsmarketman.shop\/wp-content\/uploads\/2026\/03\/10-7-527x1024.webp 527w, https:\/\/dealsmarketman.shop\/wp-content\/uploads\/2026\/03\/10-7-768x1493.webp 768w, https:\/\/dealsmarketman.shop\/wp-content\/uploads\/2026\/03\/10-7-6x12.webp 6w, https:\/\/dealsmarketman.shop\/wp-content\/uploads\/2026\/03\/10-7-600x1167.webp 600w, https:\/\/dealsmarketman.shop\/wp-content\/uploads\/2026\/03\/10-7-1x1.webp 1w, https:\/\/dealsmarketman.shop\/wp-content\/uploads\/2026\/03\/10-7-5x10.webp 5w\" sizes=\"auto, (max-width: 790px) 100vw, 790px\" \/>\t\t\t\t\t\t\t\t\t\t\t\t\t\t\t<\/div>\n\t\t\t\t<\/div>\n\t\t\t\t<div class=\"elementor-element elementor-element-1b07d78a elementor-widget elementor-widget-image\" data-id=\"1b07d78a\" data-element_type=\"widget\" data-settings=\"{&quot;ekit_we_effect_on&quot;:&quot;none&quot;}\" data-widget_type=\"image.default\">\n\t\t\t\t<div class=\"elementor-widget-container\">\n\t\t\t\t\t\t\t\t\t\t\t\t\t\t\t<img loading=\"lazy\" decoding=\"async\" width=\"790\" height=\"2080\" src=\"https:\/\/dealsmarketman.shop\/wp-content\/uploads\/2026\/03\/11-4.webp\" class=\"attachment-full size-full wp-image-14090 wvs-archive-product-image\" alt=\"\" srcset=\"https:\/\/dealsmarketman.shop\/wp-content\/uploads\/2026\/03\/11-4.webp 790w, https:\/\/dealsmarketman.shop\/wp-content\/uploads\/2026\/03\/11-4-114x300.webp 114w, https:\/\/dealsmarketman.shop\/wp-content\/uploads\/2026\/03\/11-4-389x1024.webp 389w, https:\/\/dealsmarketman.shop\/wp-content\/uploads\/2026\/03\/11-4-768x2022.webp 768w, https:\/\/dealsmarketman.shop\/wp-content\/uploads\/2026\/03\/11-4-583x1536.webp 583w, https:\/\/dealsmarketman.shop\/wp-content\/uploads\/2026\/03\/11-4-778x2048.webp 778w, https:\/\/dealsmarketman.shop\/wp-content\/uploads\/2026\/03\/11-4-5x12.webp 5w, https:\/\/dealsmarketman.shop\/wp-content\/uploads\/2026\/03\/11-4-600x1580.webp 600w, https:\/\/dealsmarketman.shop\/wp-content\/uploads\/2026\/03\/11-4-4x10.webp 4w\" sizes=\"auto, (max-width: 790px) 100vw, 790px\" \/>\t\t\t\t\t\t\t\t\t\t\t\t\t\t\t<\/div>\n\t\t\t\t<\/div>\n\t\t\t\t<div class=\"elementor-element elementor-element-318b005a elementor-widget elementor-widget-image\" data-id=\"318b005a\" data-element_type=\"widget\" data-settings=\"{&quot;ekit_we_effect_on&quot;:&quot;none&quot;}\" data-widget_type=\"image.default\">\n\t\t\t\t<div class=\"elementor-widget-container\">\n\t\t\t\t\t\t\t\t\t\t\t\t\t\t\t<img loading=\"lazy\" decoding=\"async\" width=\"790\" height=\"1920\" src=\"https:\/\/dealsmarketman.shop\/wp-content\/uploads\/2026\/03\/12-5.webp\" class=\"attachment-full size-full wp-image-14091 wvs-archive-product-image\" alt=\"\" srcset=\"https:\/\/dealsmarketman.shop\/wp-content\/uploads\/2026\/03\/12-5.webp 790w, https:\/\/dealsmarketman.shop\/wp-content\/uploads\/2026\/03\/12-5-123x300.webp 123w, https:\/\/dealsmarketman.shop\/wp-content\/uploads\/2026\/03\/12-5-421x1024.webp 421w, https:\/\/dealsmarketman.shop\/wp-content\/uploads\/2026\/03\/12-5-768x1867.webp 768w, https:\/\/dealsmarketman.shop\/wp-content\/uploads\/2026\/03\/12-5-632x1536.webp 632w, https:\/\/dealsmarketman.shop\/wp-content\/uploads\/2026\/03\/12-5-5x12.webp 5w, https:\/\/dealsmarketman.shop\/wp-content\/uploads\/2026\/03\/12-5-600x1458.webp 600w, https:\/\/dealsmarketman.shop\/wp-content\/uploads\/2026\/03\/12-5-1x1.webp 1w, https:\/\/dealsmarketman.shop\/wp-content\/uploads\/2026\/03\/12-5-4x10.webp 4w\" sizes=\"auto, (max-width: 790px) 100vw, 790px\" \/>\t\t\t\t\t\t\t\t\t\t\t\t\t\t\t<\/div>\n\t\t\t\t<\/div>\n\t\t\t\t<div class=\"elementor-element elementor-element-2d0b7896 elementor-widget elementor-widget-image\" data-id=\"2d0b7896\" data-element_type=\"widget\" data-settings=\"{&quot;ekit_we_effect_on&quot;:&quot;none&quot;}\" data-widget_type=\"image.default\">\n\t\t\t\t<div class=\"elementor-widget-container\">\n\t\t\t\t\t\t\t\t\t\t\t\t\t\t\t<img loading=\"lazy\" decoding=\"async\" width=\"790\" height=\"1472\" src=\"https:\/\/dealsmarketman.shop\/wp-content\/uploads\/2026\/03\/13-5.webp\" class=\"attachment-full size-full wp-image-14092 wvs-archive-product-image\" alt=\"\" srcset=\"https:\/\/dealsmarketman.shop\/wp-content\/uploads\/2026\/03\/13-5.webp 790w, https:\/\/dealsmarketman.shop\/wp-content\/uploads\/2026\/03\/13-5-161x300.webp 161w, https:\/\/dealsmarketman.shop\/wp-content\/uploads\/2026\/03\/13-5-550x1024.webp 550w, https:\/\/dealsmarketman.shop\/wp-content\/uploads\/2026\/03\/13-5-768x1431.webp 768w, https:\/\/dealsmarketman.shop\/wp-content\/uploads\/2026\/03\/13-5-6x12.webp 6w, https:\/\/dealsmarketman.shop\/wp-content\/uploads\/2026\/03\/13-5-600x1118.webp 600w, https:\/\/dealsmarketman.shop\/wp-content\/uploads\/2026\/03\/13-5-1x1.webp 1w, https:\/\/dealsmarketman.shop\/wp-content\/uploads\/2026\/03\/13-5-5x10.webp 5w\" sizes=\"auto, (max-width: 790px) 100vw, 790px\" \/>\t\t\t\t\t\t\t\t\t\t\t\t\t\t\t<\/div>\n\t\t\t\t<\/div>\n\t\t\t\t<div class=\"elementor-element elementor-element-75b2b179 elementor-widget elementor-widget-image\" data-id=\"75b2b179\" data-element_type=\"widget\" data-settings=\"{&quot;ekit_we_effect_on&quot;:&quot;none&quot;}\" data-widget_type=\"image.default\">\n\t\t\t\t<div class=\"elementor-widget-container\">\n\t\t\t\t\t\t\t\t\t\t\t\t\t\t\t<img loading=\"lazy\" decoding=\"async\" width=\"790\" height=\"1888\" src=\"https:\/\/dealsmarketman.shop\/wp-content\/uploads\/2026\/03\/14-2.webp\" class=\"attachment-full size-full wp-image-14093 wvs-archive-product-image\" alt=\"\" srcset=\"https:\/\/dealsmarketman.shop\/wp-content\/uploads\/2026\/03\/14-2.webp 790w, https:\/\/dealsmarketman.shop\/wp-content\/uploads\/2026\/03\/14-2-126x300.webp 126w, https:\/\/dealsmarketman.shop\/wp-content\/uploads\/2026\/03\/14-2-428x1024.webp 428w, https:\/\/dealsmarketman.shop\/wp-content\/uploads\/2026\/03\/14-2-768x1835.webp 768w, https:\/\/dealsmarketman.shop\/wp-content\/uploads\/2026\/03\/14-2-643x1536.webp 643w, https:\/\/dealsmarketman.shop\/wp-content\/uploads\/2026\/03\/14-2-5x12.webp 5w, https:\/\/dealsmarketman.shop\/wp-content\/uploads\/2026\/03\/14-2-600x1434.webp 600w, https:\/\/dealsmarketman.shop\/wp-content\/uploads\/2026\/03\/14-2-1x1.webp 1w, https:\/\/dealsmarketman.shop\/wp-content\/uploads\/2026\/03\/14-2-4x10.webp 4w\" sizes=\"auto, (max-width: 790px) 100vw, 790px\" \/>\t\t\t\t\t\t\t\t\t\t\t\t\t\t\t<\/div>\n\t\t\t\t<\/div>\n\t\t\t\t<div class=\"elementor-element elementor-element-725e75b2 elementor-widget elementor-widget-text-editor\" data-id=\"725e75b2\" data-element_type=\"widget\" data-settings=\"{&quot;ekit_we_effect_on&quot;:&quot;none&quot;}\" data-widget_type=\"text-editor.default\">\n\t\t\t\t<div class=\"elementor-widget-container\">\n\t\t\t\t\t\t\t\t\t<table class=\"specs-table\">\n    <tr>\n        <td>Details<\/td>\n        <td><\/td>\n    <\/tr>\n    <tr>\n        <td>Inklusive Stromanschluss<\/td>\n        <td><span class=\"yes-badge\">S\u00cd<\/span><\/td>\n    <\/tr>\n    <tr>\n        <td>Qualitatives Produkt von hoher Wichtigkeit<\/td>\n        <td><span class=\"none-badge\">Ninguno<\/span><\/td>\n    <\/tr>\n    <tr>\n        <td>Mit Wasserknollen<\/td>\n        <td><span class=\"no-badge\">Nein<\/span><\/td>\n    <\/tr>\n    <tr>\n        <td>Material der Interfaz<\/td>\n        <td><span class=\"material-badge\">Pl\u00e1stico de ingenier\u00eda<\/span><\/td>\n    <\/tr>\n<\/table>\n\n<style>\n    .specs-table {\n        width: 100%;\n        border-collapse: collapse;\n        font-family: 'Segoe UI', Arial, sans-serif;\n        font-size: 14px;\n    }\n    .specs-table tr {\n        border-bottom: 1px solid #e0e0e0;\n    }\n    .specs-table td {\n        padding: 12px 0;\n        text-align: left;\n        vertical-align: top;\n    }\n    .specs-table td:first-child {\n        font-weight: 600;\n        width: 45%;\n        color: #2c3e50;\n    }\n    .specs-table td:last-child {\n        width: 55%;\n    }\n    .yes-badge {\n        background-color: #e8f5e9;\n        color: #2e7d32;\n        padding: 8px 16px;\n        border-radius: 4px;\n        font-weight: 700;\n        text-transform: uppercase;\n        display: inline-block;\n        border: 1px solid #c8e6c9;\n    }\n    .none-badge {\n        background-color: #f5f5f5;\n        color: #757575;\n        padding: 8px 16px;\n        border-radius: 4px;\n        font-style: italic;\n        display: inline-block;\n        border: 1px solid #e0e0e0;\n    }\n    .no-badge {\n        background-color: #ffebee;\n        color: #c62828;\n        padding: 8px 16px;\n        border-radius: 4px;\n        font-weight: 600;\n        display: inline-block;\n        border: 1px solid #ffcdd2;\n    }\n    .material-badge {\n        background-color: #fff8e1;\n        color: #ff8f00;\n        padding: 8px 16px;\n        border-radius: 4px;\n        font-weight: 600;\n        display: inline-block;\n        border: 1px solid #ffecb3;\n    }\n<\/style>\t\t\t\t\t\t\t\t<\/div>\n\t\t\t\t<\/div>\n\t\t\t\t\t<\/div>\n\t\t\t\t<\/div>\n\t\t\t\t<\/div>","protected":false},"excerpt":{"rendered":"<p>Detalles Bater\u00eda incluida S\u00cd Producto qu\u00edmico de alta preocupaci\u00f3n Ninguno Con Tuber\u00edas de Agua No Material de la Interfaz Pl\u00e1stico&#8230;<\/p>","protected":false},"featured_media":14072,"comment_status":"open","ping_status":"closed","template":"","meta":{"_acf_changed":false},"etheme_brands":[],"product_brand":[],"product_cat":[118],"product_tag":[],"class_list":{"0":"post-14071","1":"product","2":"type-product","3":"status-publish","4":"has-post-thumbnail","6":"product_cat-sale-shop","8":"first","9":"instock","10":"sale","11":"shipping-taxable","12":"purchasable","13":"product-type-simple"},"acf":[],"_links":{"self":[{"href":"https:\/\/dealsmarketman.shop\/de\/wp-json\/wp\/v2\/product\/14071","targetHints":{"allow":["GET"]}}],"collection":[{"href":"https:\/\/dealsmarketman.shop\/de\/wp-json\/wp\/v2\/product"}],"about":[{"href":"https:\/\/dealsmarketman.shop\/de\/wp-json\/wp\/v2\/types\/product"}],"replies":[{"embeddable":true,"href":"https:\/\/dealsmarketman.shop\/de\/wp-json\/wp\/v2\/comments?post=14071"}],"version-history":[{"count":4,"href":"https:\/\/dealsmarketman.shop\/de\/wp-json\/wp\/v2\/product\/14071\/revisions"}],"predecessor-version":[{"id":14101,"href":"https:\/\/dealsmarketman.shop\/de\/wp-json\/wp\/v2\/product\/14071\/revisions\/14101"}],"wp:featuredmedia":[{"embeddable":true,"href":"https:\/\/dealsmarketman.shop\/de\/wp-json\/wp\/v2\/media\/14072"}],"wp:attachment":[{"href":"https:\/\/dealsmarketman.shop\/de\/wp-json\/wp\/v2\/media?parent=14071"}],"wp:term":[{"taxonomy":"brand","embeddable":true,"href":"https:\/\/dealsmarketman.shop\/de\/wp-json\/wp\/v2\/etheme_brands?post=14071"},{"taxonomy":"product_brand","embeddable":true,"href":"https:\/\/dealsmarketman.shop\/de\/wp-json\/wp\/v2\/product_brand?post=14071"},{"taxonomy":"product_cat","embeddable":true,"href":"https:\/\/dealsmarketman.shop\/de\/wp-json\/wp\/v2\/product_cat?post=14071"},{"taxonomy":"product_tag","embeddable":true,"href":"https:\/\/dealsmarketman.shop\/de\/wp-json\/wp\/v2\/product_tag?post=14071"}],"curies":[{"name":"wp","href":"https:\/\/api.w.org\/{rel}","templated":true}]}}